{"id":4775,"date":"2025-05-21T09:56:51","date_gmt":"2025-05-21T07:56:51","guid":{"rendered":"https:\/\/aitrends.center\/?page_id=4775"},"modified":"2025-05-21T10:41:12","modified_gmt":"2025-05-21T08:41:12","slug":"inserieren","status":"publish","type":"page","link":"https:\/\/aitrendscenter.eu\/de\/advertise\/","title":{"rendered":"Inserieren Sie"},"content":{"rendered":"<div data-elementor-type=\"wp-page\" data-elementor-id=\"4775\" class=\"elementor elementor-4775\">\n\t\t\t\t<div class=\"elementor-element elementor-element-331e63d e-flex e-con-boxed e-con e-parent\" data-id=\"331e63d\" data-element_type=\"container\" data-e-type=\"container\">\n\t\t\t\t\t<div class=\"e-con-inner\">\n\t\t\t\t<div class=\"elementor-element elementor-element-880360a elementor-widget elementor-widget-text-editor\" data-id=\"880360a\" data-element_type=\"widget\" data-e-type=\"widget\" data-widget_type=\"text-editor.default\">\n\t\t\t\t<div class=\"elementor-widget-container\">\n\t\t\t\t\t\t\t\t\t<h4 data-start=\"216\" data-end=\"249\">Werben mit AITrends Center<\/h4><p data-start=\"251\" data-end=\"578\">M\u00f6chten Sie ein hoch engagiertes Publikum erreichen, das sich f\u00fcr k\u00fcnstliche Intelligenz, Automatisierung und die neuesten technischen Innovationen interessiert? Unter <strong data-start=\"389\" data-end=\"408\">AITrends Center<\/strong>, bieten wir eine au\u00dfergew\u00f6hnliche Plattform f\u00fcr Unternehmen, Start-ups und Kreative, die ihre Produkte, Tools, Dienstleistungen oder L\u00f6sungen im Zusammenhang mit dem KI-\u00d6kosystem vorstellen m\u00f6chten.<\/p><p data-start=\"580\" data-end=\"742\">Ganz gleich, ob Sie ein neues Produkt auf den Markt bringen, eine bahnbrechende L\u00f6sung bewerben oder die Sichtbarkeit in einem bestimmten Markt erh\u00f6hen wollen - wir helfen Ihnen, Ihre Botschaft zu verst\u00e4rken.<\/p><h5 data-start=\"744\" data-end=\"770\">Warum bei uns werben?<\/h5><p data-start=\"772\" data-end=\"1123\"><strong data-start=\"772\" data-end=\"791\">AITrends Center<\/strong> ist ein schnell wachsender digitaler Hub f\u00fcr kuratierte Einblicke, KI-Nachrichten und intelligente Automatisierungs-Updates. Unsere Plattform zieht Leser aus allen Branchen an - F\u00fchrungskr\u00e4fte, Entwickler, Technik-Enthusiasten und Entscheidungstr\u00e4ger -, die auf der Suche nach praktischem Wissen, Expertenmeinungen und den neuesten Tools sind, die die Zukunft von Arbeit und Technologie gestalten.<\/p><p data-start=\"1125\" data-end=\"1317\">Wenn Sie Ihre Botschaft bei uns platzieren, erhalten Sie Zugang zu einem Nischenpublikum, das nicht nur an KI interessiert ist, sondern aktiv nach L\u00f6sungen zur Verbesserung seiner gesch\u00e4ftlichen oder beruflichen Abl\u00e4ufe sucht.<\/p><h5 data-start=\"1319\" data-end=\"1336\">Was wir anbieten<\/h5><p data-start=\"1338\" data-end=\"1408\">Wir bieten verschiedene Werbe- und Promotionsm\u00f6glichkeiten an, darunter:<\/p><ul data-start=\"1410\" data-end=\"2154\"><li data-start=\"1410\" data-end=\"1555\"><p data-start=\"1412\" data-end=\"1555\"><strong data-start=\"1412\" data-end=\"1434\">Gesponserte Artikel<\/strong>: Stellen Sie Ihre Marke oder Ihr Produkt in ausf\u00fchrlichen, hochwertigen Artikeln vor, die von unserem Redaktionsteam verfasst oder von Ihnen bereitgestellt werden.<\/p><\/li><li data-start=\"1556\" data-end=\"1738\"><p data-start=\"1558\" data-end=\"1738\"><strong data-start=\"1558\" data-end=\"1575\">Werkzeug Listings<\/strong>: F\u00fcgen Sie Ihr KI-Tool oder Ihre SaaS-L\u00f6sung zu unserem kuratierten <a class=\"cursor-pointer\" target=\"_new\" rel=\"noopener\" data-start=\"1626\" data-end=\"1675\">AI-Katalog<\/a>, komplett mit Beschreibungen, Partnerlinks und Screenshots.<\/p><\/li><li data-start=\"1739\" data-end=\"1850\"><p data-start=\"1741\" data-end=\"1850\"><strong data-start=\"1741\" data-end=\"1764\">Newsletter-Erw\u00e4hnungen<\/strong>: Sie werden in unserem kommenden Newsletter vorgestellt und erreichen damit Hunderte von Abonnenten, die sich f\u00fcr KI interessieren.<\/p><\/li><li data-start=\"1851\" data-end=\"1933\"><p data-start=\"1853\" data-end=\"1933\"><strong data-start=\"1853\" data-end=\"1875\">Bannerwerbung<\/strong>: Platzieren Sie visuelle Anzeigen an strategisch g\u00fcnstigen Stellen auf unserer Website.<\/p><\/li><li data-start=\"1934\" data-end=\"2044\"><p data-start=\"1936\" data-end=\"2044\"><strong data-start=\"1936\" data-end=\"1962\">F\u00f6rderung sozialer Medien<\/strong>: Teilen Sie Ihre Inhalte oder Kampagnen mit unserem wachsenden LinkedIn- und Facebook-Publikum.<\/p><\/li><li data-start=\"2045\" data-end=\"2154\"><p data-start=\"2047\" data-end=\"2154\"><strong data-start=\"2047\" data-end=\"2067\">Benutzerdefinierte Kampagnen<\/strong>: Lassen Sie uns gemeinsam eine ma\u00dfgeschneiderte Kampagne entwickeln, die Ihren Zielen und Ihrem Budget entspricht.<\/p><\/li><\/ul><p data-start=\"2156\" data-end=\"2315\">Wir sind auch offen f\u00fcr <strong data-start=\"2175\" data-end=\"2220\">Partnerschaften und Kooperationen mit verbundenen Unternehmen<\/strong>-Wenn Ihr Angebot gut zu unseren Lesern passt, werden wir es in unserem \u00d6kosystem f\u00f6rdern.<\/p><h5 data-start=\"2317\" data-end=\"2342\">Wer sollte sich melden?<\/h5><p data-start=\"2344\" data-end=\"2382\">Wir begr\u00fc\u00dfen Werbeanfragen von:<\/p><ul data-start=\"2384\" data-end=\"2749\"><li data-start=\"2384\" data-end=\"2414\"><p data-start=\"2386\" data-end=\"2414\">Anbieter von KI- und ML-L\u00f6sungen<\/p><\/li><li data-start=\"2415\" data-end=\"2444\"><p data-start=\"2417\" data-end=\"2444\">SaaS und Automatisierungswerkzeuge<\/p><\/li><li data-start=\"2445\" data-end=\"2496\"><p data-start=\"2447\" data-end=\"2496\">Hardware-Hersteller im Bereich KI\/Robotik<\/p><\/li><li data-start=\"2497\" data-end=\"2522\"><p data-start=\"2499\" data-end=\"2522\">Tech-orientierte Start-ups<\/p><\/li><li data-start=\"2523\" data-end=\"2568\"><p data-start=\"2525\" data-end=\"2568\">Bildungsplattformen und Kursersteller<\/p><\/li><li data-start=\"2569\" data-end=\"2627\"><p data-start=\"2571\" data-end=\"2627\">Innovationszentren, Beschleuniger und Forschungsinstitute<\/p><\/li><li data-start=\"2628\" data-end=\"2681\"><p data-start=\"2630\" data-end=\"2681\">Organisatoren von Veranstaltungen (Konferenzen, Webinare, Gipfeltreffen)<\/p><\/li><li data-start=\"2682\" data-end=\"2749\"><p data-start=\"2684\" data-end=\"2749\">Marketing-Agenturen oder Affiliate-Manager, die Tech-Marken vertreten<\/p><\/li><\/ul><p data-start=\"2751\" data-end=\"2856\">Egal, ob Sie eine einmalige Kampagne oder eine langfristige Zusammenarbeit suchen, wir w\u00fcrden uns freuen, von Ihnen zu h\u00f6ren.<\/p><h3 data-start=\"2858\" data-end=\"2872\">Kontakt<\/h3><p data-start=\"2874\" data-end=\"2995\">F\u00fcr Anfragen zu Werbung, Medienpartnerschaften und gesponserten Inhalten wenden Sie sich bitte an unser Redaktionsteam:<\/p><p data-start=\"2997\" data-end=\"3027\">\ud83d\udce9 <strong data-start=\"3000\" data-end=\"3027\"><a class=\"cursor-pointer\" rel=\"noopener\" data-start=\"3002\" data-end=\"3025\">contact@aitrends.center<\/a><\/strong><\/p><p data-start=\"3029\" data-end=\"3142\">F\u00fcgen Sie eine kurze Beschreibung Ihres Produkts oder Ihrer Kampagnenidee bei, und wir werden uns innerhalb von 1-2 Werktagen bei Ihnen melden.<\/p><p data-start=\"3144\" data-end=\"3234\">Lassen Sie uns gemeinsam daran arbeiten, Ihre Marke ins Rampenlicht zu r\u00fccken - in den Mittelpunkt der KI-Innovation.<\/p>\t\t\t\t\t\t\t\t<\/div>\n\t\t\t\t<\/div>\n\t\t\t\t\t<\/div>\n\t\t\t\t<\/div>\n\t\t\t\t<\/div>","protected":false},"excerpt":{"rendered":"<p>Advertise with AITrends Center Are you looking to reach a highly engaged audience interested in artificial intelligence, automation, and the latest tech innovations? At AITrends Center, we provide an exceptional platform for companies, startups, and creators who want to showcase their products, tools, services, or solutions related to the AI ecosystem. Whether you&#8217;re launching a new product, promoting a breakthrough solution, or increasing visibility in a specific market, we\u2019re here to help amplify your message. Why Advertise with Us? AITrends Center is a fast-growing digital hub for curated insights, AI news, and intelligent automation updates. Our platform attracts readers from [&hellip;]<\/p>\n","protected":false},"author":1,"featured_media":0,"parent":0,"menu_order":0,"comment_status":"closed","ping_status":"closed","template":"","meta":{"footnotes":""},"class_list":["post-4775","page","type-page","status-publish","hentry","post--single"],"_links":{"self":[{"href":"https:\/\/aitrendscenter.eu\/de\/wp-json\/wp\/v2\/pages\/4775","targetHints":{"allow":["GET"]}}],"collection":[{"href":"https:\/\/aitrendscenter.eu\/de\/wp-json\/wp\/v2\/pages"}],"about":[{"href":"https:\/\/aitrendscenter.eu\/de\/wp-json\/wp\/v2\/types\/page"}],"author":[{"embeddable":true,"href":"https:\/\/aitrendscenter.eu\/de\/wp-json\/wp\/v2\/users\/1"}],"replies":[{"embeddable":true,"href":"https:\/\/aitrendscenter.eu\/de\/wp-json\/wp\/v2\/comments?post=4775"}],"version-history":[{"count":6,"href":"https:\/\/aitrendscenter.eu\/de\/wp-json\/wp\/v2\/pages\/4775\/revisions"}],"predecessor-version":[{"id":4820,"href":"https:\/\/aitrendscenter.eu\/de\/wp-json\/wp\/v2\/pages\/4775\/revisions\/4820"}],"wp:attachment":[{"href":"https:\/\/aitrendscenter.eu\/de\/wp-json\/wp\/v2\/media?parent=4775"}],"curies":[{"name":"wp","href":"https:\/\/api.w.org\/{rel}","templated":true}]}}