{"id":4805,"date":"2025-05-21T10:36:48","date_gmt":"2025-05-21T08:36:48","guid":{"rendered":"https:\/\/aitrends.center\/?page_id=4805"},"modified":"2025-05-21T10:40:35","modified_gmt":"2025-05-21T08:40:35","slug":"uber-uns","status":"publish","type":"page","link":"https:\/\/aitrendscenter.eu\/de\/about-us\/","title":{"rendered":"\u00dcber uns"},"content":{"rendered":"<div data-elementor-type=\"wp-page\" data-elementor-id=\"4805\" class=\"elementor elementor-4805\">\n\t\t\t\t<div class=\"elementor-element elementor-element-5a438dc e-flex e-con-boxed e-con e-parent\" data-id=\"5a438dc\" data-element_type=\"container\" data-e-type=\"container\">\n\t\t\t\t\t<div class=\"e-con-inner\">\n\t\t\t\t<div class=\"elementor-element elementor-element-acadf2d elementor-widget elementor-widget-text-editor\" data-id=\"acadf2d\" data-element_type=\"widget\" data-e-type=\"widget\" data-widget_type=\"text-editor.default\">\n\t\t\t\t<div class=\"elementor-widget-container\">\n\t\t\t\t\t\t\t\t\t<h4 data-start=\"226\" data-end=\"237\">\u00dcber uns<\/h4><p data-start=\"239\" data-end=\"523\"><strong data-start=\"239\" data-end=\"258\">AITrends Center<\/strong> ist eine digitale Plattform, die sich der Erforschung der Auswirkungen von k\u00fcnstlicher Intelligenz und Automatisierung auf Wirtschaft, Technologie und Alltag widmet.<br data-start=\"400\" data-end=\"403\" \/>Wir bieten Ihnen kuratierte Einblicke, Tools und reale Anwendungsf\u00e4lle, damit Sie in der sich schnell entwickelnden KI-Landschaft die Nase vorn haben.<\/p><h5 data-start=\"525\" data-end=\"539\">Wer wir sind<\/h5><p data-start=\"541\" data-end=\"769\">Das AITrends Center wird unterst\u00fctzt von <strong data-start=\"571\" data-end=\"585\">Implementi<\/strong> - ein Unternehmen, das sich auf Gesch\u00e4ftsautomatisierung und KI-gest\u00fctzte L\u00f6sungen spezialisiert hat. Unser Ziel ist es, Spitzentechnologie f\u00fcr Unternehmen jeder Gr\u00f6\u00dfe zug\u00e4nglicher und umsetzbarer zu machen.<\/p><p data-start=\"771\" data-end=\"1000\">Wir sind ein Team von technikbegeisterten Unternehmern und Automatisierungsexperten, die davon \u00fcberzeugt sind, dass die Zukunft der Arbeit intelligent, datengesteuert und in ihrem Kern menschlich ist.<br data-start=\"931\" data-end=\"934\" \/>Mit dem AITrends Center wollen wir Innovation mit Wirkung verbinden.<\/p><h5 data-start=\"1002\" data-end=\"1016\">Was wir tun<\/h5><ul data-start=\"1018\" data-end=\"1602\"><li data-start=\"1018\" data-end=\"1119\"><p data-start=\"1020\" data-end=\"1119\"><strong data-start=\"1020\" data-end=\"1039\">Kuratierte AI-Nachrichten<\/strong>: Wir verfolgen globale Trends und Entwicklungen in den Bereichen KI, Automatisierung und neue Technologien.<\/p><\/li><li data-start=\"1120\" data-end=\"1280\"><p data-start=\"1122\" data-end=\"1280\"><strong data-start=\"1122\" data-end=\"1138\">Werkzeug-Katalog<\/strong>: Unser Wachstum <a class=\"cursor-pointer\" target=\"_new\" rel=\"noopener\" data-start=\"1152\" data-end=\"1201\">AI-Katalog<\/a> bietet sorgf\u00e4ltig ausgew\u00e4hlte Tools, Plattformen und Ressourcen f\u00fcr verschiedene Branchen.<\/p><\/li><li data-start=\"1281\" data-end=\"1432\"><p data-start=\"1283\" data-end=\"1432\"><strong data-start=\"1283\" data-end=\"1311\">Anwendungsf\u00e4lle &amp; Fallstudien<\/strong>: Wir ver\u00f6ffentlichen Beispiele daf\u00fcr, wie KI Marketing, Vertrieb, Betrieb, Bildung, Gesundheitswesen, Logistik und vieles mehr ver\u00e4ndert.<\/p><\/li><li data-start=\"1433\" data-end=\"1602\"><p data-start=\"1435\" data-end=\"1602\"><strong data-start=\"1435\" data-end=\"1463\">Automatisierte Content Engine<\/strong>: Unsere Inhalte werden teilweise mit fortschrittlichen KI-Tools generiert und kuratiert - einschlie\u00dflich GPT-Modellen und Web-Automatisierungsplattformen wie Make.com.<\/p><\/li><\/ul><p data-start=\"1604\" data-end=\"1708\">Wir schreiben nicht nur \u00fcber Automatisierung.<br data-start=\"1641\" data-end=\"1644\" \/>Wir <strong data-start=\"1647\" data-end=\"1665\">Automatisierung nutzen<\/strong> um die Plattform zu schaffen, die Sie gerade lesen.<\/p><h5 data-start=\"1710\" data-end=\"1734\">Warum AITrends Center?<\/h5><p data-start=\"1736\" data-end=\"1795\">Denn die KI-Revolution wird nicht kommen - sie ist bereits da.<\/p><p data-start=\"1797\" data-end=\"1844\">Unser Ziel ist es, Privatpersonen und Unternehmen zu helfen:<\/p><ul data-start=\"1845\" data-end=\"2030\"><li data-start=\"1845\" data-end=\"1872\"><p data-start=\"1847\" data-end=\"1872\">Verstehen, wie AI funktioniert<\/p><\/li><li data-start=\"1873\" data-end=\"1913\"><p data-start=\"1875\" data-end=\"1913\">Die richtigen Werkzeuge f\u00fcr ihre Bed\u00fcrfnisse finden<\/p><\/li><li data-start=\"1914\" data-end=\"1970\"><p data-start=\"1916\" data-end=\"1970\">Bleiben Sie auf dem Laufenden mit echten Anwendungsf\u00e4llen, nicht nur mit Schlagw\u00f6rtern<\/p><\/li><li data-start=\"1971\" data-end=\"2030\"><p data-start=\"1973\" data-end=\"2030\">Erkundung von Automatisierungsideen, die sie sofort umsetzen k\u00f6nnen<\/p><\/li><\/ul><p data-start=\"2032\" data-end=\"2126\">Egal, ob Sie ein Gr\u00fcnder, Vermarkter, Entwickler oder einfach nur neugierig auf KI sind - hier sind Sie richtig.<\/p><h5 data-start=\"2128\" data-end=\"2144\">Kontakt aufnehmen<\/h5><p data-start=\"2146\" data-end=\"2206\">Wir sind immer offen f\u00fcr Zusammenarbeit, Feedback und neue Ideen.<\/p><p data-start=\"2208\" data-end=\"2216\">Wollen:<\/p><ul data-start=\"2217\" data-end=\"2314\"><li data-start=\"2217\" data-end=\"2236\"><p data-start=\"2219\" data-end=\"2236\">Ein Werkzeug vorschlagen?<\/p><\/li><li data-start=\"2237\" data-end=\"2269\"><p data-start=\"2239\" data-end=\"2269\">Teilen Sie Ihre Automatisierungsgeschichte?<\/p><\/li><li data-start=\"2270\" data-end=\"2292\"><p data-start=\"2272\" data-end=\"2292\">Mit uns werben?<\/p><\/li><li data-start=\"2293\" data-end=\"2314\"><p data-start=\"2295\" data-end=\"2314\">Partner f\u00fcr Inhalte?<\/p><\/li><\/ul><p data-start=\"2316\" data-end=\"2346\">\ud83d\udce9 <strong data-start=\"2319\" data-end=\"2346\"><a class=\"cursor-pointer\" rel=\"noopener\" data-start=\"2321\" data-end=\"2344\">contact@aitrends.center<\/a><\/strong><\/p><p data-start=\"2348\" data-end=\"2402\">Lassen Sie uns die Zukunft der intelligenten Arbeit gestalten - gemeinsam.<\/p>\t\t\t\t\t\t\t\t<\/div>\n\t\t\t\t<\/div>\n\t\t\t\t\t<\/div>\n\t\t\t\t<\/div>\n\t\t\t\t<\/div>","protected":false},"excerpt":{"rendered":"<p>About Us AITrends Center is a digital platform dedicated to exploring the impact of artificial intelligence and automation on business, technology, and everyday life.We bring you curated insights, tools, and real-world use cases to help you stay ahead in the fast-evolving AI landscape. Who We Are AITrends Center is powered by Implementi \u2013 a company specializing in business automation and AI-powered solutions. Our mission is to make cutting-edge technology more accessible and actionable for organizations of all sizes. We&#8217;re a team of tech enthusiasts, entrepreneurs, and automation experts who believe that the future of work is smart, data-driven, and deeply [&hellip;]<\/p>\n","protected":false},"author":1,"featured_media":0,"parent":0,"menu_order":0,"comment_status":"closed","ping_status":"closed","template":"","meta":{"footnotes":""},"class_list":["post-4805","page","type-page","status-publish","hentry","post--single"],"_links":{"self":[{"href":"https:\/\/aitrendscenter.eu\/de\/wp-json\/wp\/v2\/pages\/4805","targetHints":{"allow":["GET"]}}],"collection":[{"href":"https:\/\/aitrendscenter.eu\/de\/wp-json\/wp\/v2\/pages"}],"about":[{"href":"https:\/\/aitrendscenter.eu\/de\/wp-json\/wp\/v2\/types\/page"}],"author":[{"embeddable":true,"href":"https:\/\/aitrendscenter.eu\/de\/wp-json\/wp\/v2\/users\/1"}],"replies":[{"embeddable":true,"href":"https:\/\/aitrendscenter.eu\/de\/wp-json\/wp\/v2\/comments?post=4805"}],"version-history":[{"count":9,"href":"https:\/\/aitrendscenter.eu\/de\/wp-json\/wp\/v2\/pages\/4805\/revisions"}],"predecessor-version":[{"id":4817,"href":"https:\/\/aitrendscenter.eu\/de\/wp-json\/wp\/v2\/pages\/4805\/revisions\/4817"}],"wp:attachment":[{"href":"https:\/\/aitrendscenter.eu\/de\/wp-json\/wp\/v2\/media?parent=4805"}],"curies":[{"name":"wp","href":"https:\/\/api.w.org\/{rel}","templated":true}]}}