{"id":4775,"date":"2025-05-21T09:56:51","date_gmt":"2025-05-21T07:56:51","guid":{"rendered":"https:\/\/aitrends.center\/?page_id=4775"},"modified":"2025-05-21T10:41:12","modified_gmt":"2025-05-21T08:41:12","slug":"reklama","status":"publish","type":"page","link":"https:\/\/aitrendscenter.eu\/pl\/advertise\/","title":{"rendered":"Reklama"},"content":{"rendered":"<div data-elementor-type=\"wp-page\" data-elementor-id=\"4775\" class=\"elementor elementor-4775\">\n\t\t\t\t<div class=\"elementor-element elementor-element-331e63d e-flex e-con-boxed e-con e-parent\" data-id=\"331e63d\" data-element_type=\"container\" data-e-type=\"container\">\n\t\t\t\t\t<div class=\"e-con-inner\">\n\t\t\t\t<div class=\"elementor-element elementor-element-880360a elementor-widget elementor-widget-text-editor\" data-id=\"880360a\" data-element_type=\"widget\" data-e-type=\"widget\" data-widget_type=\"text-editor.default\">\n\t\t\t\t<div class=\"elementor-widget-container\">\n\t\t\t\t\t\t\t\t\t<h4 data-start=\"216\" data-end=\"249\">Reklama w AITrends Center<\/h4><p data-start=\"251\" data-end=\"578\">Chcesz dotrze\u0107 do wysoce zaanga\u017cowanych odbiorc\u00f3w zainteresowanych sztuczn\u0105 inteligencj\u0105, automatyzacj\u0105 i najnowszymi innowacjami technologicznymi? Na <strong data-start=\"389\" data-end=\"408\">Centrum AITrends<\/strong>, Zapewniamy wyj\u0105tkow\u0105 platform\u0119 dla firm, startup\u00f3w i tw\u00f3rc\u00f3w, kt\u00f3rzy chc\u0105 zaprezentowa\u0107 swoje produkty, narz\u0119dzia, us\u0142ugi lub rozwi\u0105zania zwi\u0105zane z ekosystemem sztucznej inteligencji.<\/p><p data-start=\"580\" data-end=\"742\">Niezale\u017cnie od tego, czy wprowadzasz nowy produkt, promujesz prze\u0142omowe rozwi\u0105zanie, czy zwi\u0119kszasz widoczno\u015b\u0107 na okre\u015blonym rynku, jeste\u015bmy tutaj, aby pom\u00f3c wzmocni\u0107 Tw\u00f3j przekaz.<\/p><h5 data-start=\"744\" data-end=\"770\">Dlaczego warto si\u0119 u nas reklamowa\u0107?<\/h5><p data-start=\"772\" data-end=\"1123\"><strong data-start=\"772\" data-end=\"791\">Centrum AITrends<\/strong> to szybko rozwijaj\u0105ce si\u0119 cyfrowe centrum wyselekcjonowanych spostrze\u017ce\u0144, wiadomo\u015bci na temat sztucznej inteligencji i inteligentnych aktualizacji automatyzacji. Nasza platforma przyci\u0105ga czytelnik\u00f3w z r\u00f3\u017cnych bran\u017c - lider\u00f3w biznesu, deweloper\u00f3w, entuzjast\u00f3w technologii i decydent\u00f3w - kt\u00f3rzy poszukuj\u0105 praktycznej wiedzy, opinii ekspert\u00f3w i najnowszych narz\u0119dzi, kt\u00f3re kszta\u0142tuj\u0105 przysz\u0142o\u015b\u0107 pracy i technologii.<\/p><p data-start=\"1125\" data-end=\"1317\">Umieszczaj\u0105c u nas swoj\u0105 wiadomo\u015b\u0107, zyskujesz dost\u0119p do niszowej grupy odbiorc\u00f3w, kt\u00f3rzy nie tylko interesuj\u0105 si\u0119 sztuczn\u0105 inteligencj\u0105, ale aktywnie poszukuj\u0105 rozwi\u0105za\u0144 usprawniaj\u0105cych ich dzia\u0142alno\u015b\u0107 biznesow\u0105 lub zawodow\u0105.<\/p><h5 data-start=\"1319\" data-end=\"1336\">Co oferujemy<\/h5><p data-start=\"1338\" data-end=\"1408\">Oferujemy kilka mo\u017cliwo\u015bci reklamowych i promocyjnych, w tym:<\/p><ul data-start=\"1410\" data-end=\"2154\"><li data-start=\"1410\" data-end=\"1555\"><p data-start=\"1412\" data-end=\"1555\"><strong data-start=\"1412\" data-end=\"1434\">Artyku\u0142y sponsorowane<\/strong>: Przedstaw swoj\u0105 mark\u0119 lub produkt za pomoc\u0105 szczeg\u00f3\u0142owych, wysokiej jako\u015bci artyku\u0142\u00f3w napisanych przez nasz zesp\u00f3\u0142 redakcyjny lub dostarczonych przez Ciebie.<\/p><\/li><li data-start=\"1556\" data-end=\"1738\"><p data-start=\"1558\" data-end=\"1738\"><strong data-start=\"1558\" data-end=\"1575\">Lista narz\u0119dzi<\/strong>: Dodaj swoje narz\u0119dzie AI lub rozwi\u0105zanie SaaS do naszej listy. <a class=\"cursor-pointer\" target=\"_new\" rel=\"noopener\" data-start=\"1626\" data-end=\"1675\">Katalog AI<\/a>, wraz z opisami, linkami partnerskimi i zrzutami ekranu.<\/p><\/li><li data-start=\"1739\" data-end=\"1850\"><p data-start=\"1741\" data-end=\"1850\"><strong data-start=\"1741\" data-end=\"1764\">Wzmianki w biuletynie<\/strong>: By\u0107 wyr\u00f3\u017cnionym w naszym nadchodz\u0105cym biuletynie, docieraj\u0105cym do setek subskrybent\u00f3w skupionych na sztucznej inteligencji.<\/p><\/li><li data-start=\"1851\" data-end=\"1933\"><p data-start=\"1853\" data-end=\"1933\"><strong data-start=\"1853\" data-end=\"1875\">Banery reklamowe<\/strong>: Umieszczanie reklam wizualnych w strategicznych miejscach naszej witryny.<\/p><\/li><li data-start=\"1934\" data-end=\"2044\"><p data-start=\"1936\" data-end=\"2044\"><strong data-start=\"1936\" data-end=\"1962\">Promocja w mediach spo\u0142eczno\u015bciowych<\/strong>: Udost\u0119pniaj swoje tre\u015bci lub kampanie naszym rosn\u0105cym odbiorcom na LinkedIn i Facebooku.<\/p><\/li><li data-start=\"2045\" data-end=\"2154\"><p data-start=\"2047\" data-end=\"2154\"><strong data-start=\"2047\" data-end=\"2067\">Kampanie niestandardowe<\/strong>: Wsp\u00f3lnie stw\u00f3rzmy kampani\u0119 dostosowan\u0105 do Twoich cel\u00f3w i bud\u017cetu.<\/p><\/li><\/ul><p data-start=\"2156\" data-end=\"2315\">Jeste\u015bmy r\u00f3wnie\u017c otwarci na <strong data-start=\"2175\" data-end=\"2220\">partnerstwa i wsp\u00f3\u0142praca afiliacyjna<\/strong>-Je\u015bli Twoja oferta jest odpowiednia dla naszych czytelnik\u00f3w, pomo\u017cemy j\u0105 promowa\u0107 w naszym ekosystemie.<\/p><h5 data-start=\"2317\" data-end=\"2342\">Kto powinien si\u0119 skontaktowa\u0107?<\/h5><p data-start=\"2344\" data-end=\"2382\">Zapraszamy do sk\u0142adania zapyta\u0144 reklamowych:<\/p><ul data-start=\"2384\" data-end=\"2749\"><li data-start=\"2384\" data-end=\"2414\"><p data-start=\"2386\" data-end=\"2414\">Dostawcy rozwi\u0105za\u0144 AI i ML<\/p><\/li><li data-start=\"2415\" data-end=\"2444\"><p data-start=\"2417\" data-end=\"2444\">SaaS i narz\u0119dzia do automatyzacji<\/p><\/li><li data-start=\"2445\" data-end=\"2496\"><p data-start=\"2447\" data-end=\"2496\">Producenci sprz\u0119tu w obszarze sztucznej inteligencji\/robotyki<\/p><\/li><li data-start=\"2497\" data-end=\"2522\"><p data-start=\"2499\" data-end=\"2522\">Startupy skoncentrowane na technologii<\/p><\/li><li data-start=\"2523\" data-end=\"2568\"><p data-start=\"2525\" data-end=\"2568\">Platformy edukacyjne i tw\u00f3rcy kurs\u00f3w<\/p><\/li><li data-start=\"2569\" data-end=\"2627\"><p data-start=\"2571\" data-end=\"2627\">Centra innowacji, akceleratory i instytuty badawcze<\/p><\/li><li data-start=\"2628\" data-end=\"2681\"><p data-start=\"2630\" data-end=\"2681\">Organizatorzy wydarze\u0144 (konferencje, webinaria, szczyty)<\/p><\/li><li data-start=\"2682\" data-end=\"2749\"><p data-start=\"2684\" data-end=\"2749\">Agencje marketingowe lub mened\u017cerowie afiliacyjni reprezentuj\u0105cy marki technologiczne<\/p><\/li><\/ul><p data-start=\"2751\" data-end=\"2856\">Niezale\u017cnie od tego, czy szukasz jednorazowej kampanii, czy d\u0142ugoterminowej wsp\u00f3\u0142pracy, ch\u0119tnie si\u0119 z Tob\u0105 skontaktujemy.<\/p><h3 data-start=\"2858\" data-end=\"2872\">Kontakt<\/h3><p data-start=\"2874\" data-end=\"2995\">W przypadku zapyta\u0144 reklamowych, partnerstw medialnych i mo\u017cliwo\u015bci sponsorowania tre\u015bci prosimy o kontakt z naszym zespo\u0142em redakcyjnym pod adresem:<\/p><p data-start=\"2997\" data-end=\"3027\">\ud83d\udce9 <strong data-start=\"3000\" data-end=\"3027\"><a class=\"cursor-pointer\" rel=\"noopener\" data-start=\"3002\" data-end=\"3025\">contact@aitrends.center<\/a><\/strong><\/p><p data-start=\"3029\" data-end=\"3142\">Do\u0142\u0105cz kr\u00f3tki opis swojego produktu lub pomys\u0142u na kampani\u0119, a my skontaktujemy si\u0119 z Tob\u0105 w ci\u0105gu 1-2 dni roboczych.<\/p><p data-start=\"3144\" data-end=\"3234\">Pracujmy razem, aby Twoja marka znalaz\u0142a si\u0119 w centrum uwagi - w centrum innowacji AI.<\/p>\t\t\t\t\t\t\t\t<\/div>\n\t\t\t\t<\/div>\n\t\t\t\t\t<\/div>\n\t\t\t\t<\/div>\n\t\t\t\t<\/div>","protected":false},"excerpt":{"rendered":"<p>Advertise with AITrends Center Are you looking to reach a highly engaged audience interested in artificial intelligence, automation, and the latest tech innovations? At AITrends Center, we provide an exceptional platform for companies, startups, and creators who want to showcase their products, tools, services, or solutions related to the AI ecosystem. Whether you&#8217;re launching a new product, promoting a breakthrough solution, or increasing visibility in a specific market, we\u2019re here to help amplify your message. Why Advertise with Us? AITrends Center is a fast-growing digital hub for curated insights, AI news, and intelligent automation updates. Our platform attracts readers from [&hellip;]<\/p>\n","protected":false},"author":1,"featured_media":0,"parent":0,"menu_order":0,"comment_status":"closed","ping_status":"closed","template":"","meta":{"footnotes":""},"class_list":["post-4775","page","type-page","status-publish","hentry","post--single"],"_links":{"self":[{"href":"https:\/\/aitrendscenter.eu\/pl\/wp-json\/wp\/v2\/pages\/4775","targetHints":{"allow":["GET"]}}],"collection":[{"href":"https:\/\/aitrendscenter.eu\/pl\/wp-json\/wp\/v2\/pages"}],"about":[{"href":"https:\/\/aitrendscenter.eu\/pl\/wp-json\/wp\/v2\/types\/page"}],"author":[{"embeddable":true,"href":"https:\/\/aitrendscenter.eu\/pl\/wp-json\/wp\/v2\/users\/1"}],"replies":[{"embeddable":true,"href":"https:\/\/aitrendscenter.eu\/pl\/wp-json\/wp\/v2\/comments?post=4775"}],"version-history":[{"count":6,"href":"https:\/\/aitrendscenter.eu\/pl\/wp-json\/wp\/v2\/pages\/4775\/revisions"}],"predecessor-version":[{"id":4820,"href":"https:\/\/aitrendscenter.eu\/pl\/wp-json\/wp\/v2\/pages\/4775\/revisions\/4820"}],"wp:attachment":[{"href":"https:\/\/aitrendscenter.eu\/pl\/wp-json\/wp\/v2\/media?parent=4775"}],"curies":[{"name":"wp","href":"https:\/\/api.w.org\/{rel}","templated":true}]}}