{"id":4805,"date":"2025-05-21T10:36:48","date_gmt":"2025-05-21T08:36:48","guid":{"rendered":"https:\/\/aitrends.center\/?page_id=4805"},"modified":"2025-05-21T10:40:35","modified_gmt":"2025-05-21T08:40:35","slug":"o-nas","status":"publish","type":"page","link":"https:\/\/aitrendscenter.eu\/pl\/about-us\/","title":{"rendered":"O nas"},"content":{"rendered":"<div data-elementor-type=\"wp-page\" data-elementor-id=\"4805\" class=\"elementor elementor-4805\">\n\t\t\t\t<div class=\"elementor-element elementor-element-5a438dc e-flex e-con-boxed e-con e-parent\" data-id=\"5a438dc\" data-element_type=\"container\" data-e-type=\"container\">\n\t\t\t\t\t<div class=\"e-con-inner\">\n\t\t\t\t<div class=\"elementor-element elementor-element-acadf2d elementor-widget elementor-widget-text-editor\" data-id=\"acadf2d\" data-element_type=\"widget\" data-e-type=\"widget\" data-widget_type=\"text-editor.default\">\n\t\t\t\t<div class=\"elementor-widget-container\">\n\t\t\t\t\t\t\t\t\t<h4 data-start=\"226\" data-end=\"237\">O nas<\/h4><p data-start=\"239\" data-end=\"523\"><strong data-start=\"239\" data-end=\"258\">Centrum AITrends<\/strong> to platforma cyfrowa po\u015bwi\u0119cona badaniu wp\u0142ywu sztucznej inteligencji i automatyzacji na biznes, technologi\u0119 i \u017cycie codzienne.<br data-start=\"400\" data-end=\"403\" \/>Zapewniamy wyselekcjonowane spostrze\u017cenia, narz\u0119dzia i rzeczywiste przypadki u\u017cycia, kt\u00f3re pomog\u0105 Ci utrzyma\u0107 przewag\u0119 w szybko zmieniaj\u0105cym si\u0119 krajobrazie sztucznej inteligencji.<\/p><h5 data-start=\"525\" data-end=\"539\">Kim jeste\u015bmy<\/h5><p data-start=\"541\" data-end=\"769\">AITrends Center jest zasilane przez <strong data-start=\"571\" data-end=\"585\">Implementi<\/strong> - firma specjalizuj\u0105ca si\u0119 w automatyzacji biznesu i rozwi\u0105zaniach opartych na sztucznej inteligencji. Nasz\u0105 misj\u0105 jest uczynienie najnowocze\u015bniejszych technologii bardziej dost\u0119pnymi i praktycznymi dla organizacji ka\u017cdej wielko\u015bci.<\/p><p data-start=\"771\" data-end=\"1000\">Jeste\u015bmy zespo\u0142em entuzjast\u00f3w technologii, przedsi\u0119biorc\u00f3w i ekspert\u00f3w ds. automatyzacji, kt\u00f3rzy wierz\u0105, \u017ce przysz\u0142o\u015b\u0107 pracy jest inteligentna, oparta na danych i g\u0142\u0119boko ludzka.<br data-start=\"931\" data-end=\"934\" \/>Poprzez AITrends Center staramy si\u0119 \u0142\u0105czy\u0107 innowacje z oddzia\u0142ywaniem.<\/p><h5 data-start=\"1002\" data-end=\"1016\">Czym si\u0119 zajmujemy<\/h5><ul data-start=\"1018\" data-end=\"1602\"><li data-start=\"1018\" data-end=\"1119\"><p data-start=\"1020\" data-end=\"1119\"><strong data-start=\"1020\" data-end=\"1039\">Wyselekcjonowane wiadomo\u015bci o sztucznej inteligencji<\/strong>: \u015aledzimy globalne trendy i rozw\u00f3j w dziedzinie sztucznej inteligencji, automatyzacji i nowych technologii.<\/p><\/li><li data-start=\"1120\" data-end=\"1280\"><p data-start=\"1122\" data-end=\"1280\"><strong data-start=\"1122\" data-end=\"1138\">Katalog narz\u0119dzi<\/strong>: Nasz rozw\u00f3j <a class=\"cursor-pointer\" target=\"_new\" rel=\"noopener\" data-start=\"1152\" data-end=\"1201\">Katalog AI<\/a> zawiera starannie wyselekcjonowane narz\u0119dzia, platformy i zasoby z r\u00f3\u017cnych bran\u017c.<\/p><\/li><li data-start=\"1281\" data-end=\"1432\"><p data-start=\"1283\" data-end=\"1432\"><strong data-start=\"1283\" data-end=\"1311\">Przypadki u\u017cycia i studia przypadk\u00f3w<\/strong>: Publikujemy przyk\u0142ady tego, jak sztuczna inteligencja zmienia marketing, sprzeda\u017c, operacje, edukacj\u0119, opiek\u0119 zdrowotn\u0105, logistyk\u0119 i nie tylko.<\/p><\/li><li data-start=\"1433\" data-end=\"1602\"><p data-start=\"1435\" data-end=\"1602\"><strong data-start=\"1435\" data-end=\"1463\">Zautomatyzowany silnik tre\u015bci<\/strong>: Nasze tre\u015bci s\u0105 cz\u0119\u015bciowo generowane i kuratorowane przy u\u017cyciu zaawansowanych narz\u0119dzi AI - w tym modeli GPT i platform automatyzacji sieci, takich jak Make.com.<\/p><\/li><\/ul><p data-start=\"1604\" data-end=\"1708\">Nie piszemy tylko o automatyzacji.<br data-start=\"1641\" data-end=\"1644\" \/>My <strong data-start=\"1647\" data-end=\"1665\">u\u017cywa\u0107 automatyzacji<\/strong> aby stworzy\u0107 platform\u0119, kt\u00f3r\u0105 teraz czytasz.<\/p><h5 data-start=\"1710\" data-end=\"1734\">Dlaczego AITrends Center?<\/h5><p data-start=\"1736\" data-end=\"1795\">Poniewa\u017c rewolucja AI nie nadchodzi - ona ju\u017c tu jest.<\/p><p data-start=\"1797\" data-end=\"1844\">Naszym celem jest pomoc osobom prywatnym i firmom:<\/p><ul data-start=\"1845\" data-end=\"2030\"><li data-start=\"1845\" data-end=\"1872\"><p data-start=\"1847\" data-end=\"1872\">Zrozumie\u0107, jak dzia\u0142a sztuczna inteligencja<\/p><\/li><li data-start=\"1873\" data-end=\"1913\"><p data-start=\"1875\" data-end=\"1913\">Znajd\u017a narz\u0119dzia odpowiednie do ich potrzeb<\/p><\/li><li data-start=\"1914\" data-end=\"1970\"><p data-start=\"1916\" data-end=\"1970\">B\u0105d\u017a na bie\u017c\u0105co z rzeczywistymi przypadkami u\u017cycia, a nie tylko modnymi has\u0142ami<\/p><\/li><li data-start=\"1971\" data-end=\"2030\"><p data-start=\"1973\" data-end=\"2030\">Poznaj pomys\u0142y na automatyzacj\u0119, kt\u00f3re mog\u0105 natychmiast wdro\u017cy\u0107<\/p><\/li><\/ul><p data-start=\"2032\" data-end=\"2126\">Niezale\u017cnie od tego, czy jeste\u015b za\u0142o\u017cycielem, marketerem, programist\u0105, czy po prostu interesujesz si\u0119 sztuczn\u0105 inteligencj\u0105 - jeste\u015b we w\u0142a\u015bciwym miejscu.<\/p><h5 data-start=\"2128\" data-end=\"2144\">Skontaktuj si\u0119 z nami<\/h5><p data-start=\"2146\" data-end=\"2206\">Jeste\u015bmy zawsze otwarci na wsp\u00f3\u0142prac\u0119, opinie i nowe pomys\u0142y.<\/p><p data-start=\"2208\" data-end=\"2216\">Chcesz:<\/p><ul data-start=\"2217\" data-end=\"2314\"><li data-start=\"2217\" data-end=\"2236\"><p data-start=\"2219\" data-end=\"2236\">Zaproponowa\u0107 narz\u0119dzie?<\/p><\/li><li data-start=\"2237\" data-end=\"2269\"><p data-start=\"2239\" data-end=\"2269\">Podziel si\u0119 swoj\u0105 histori\u0105 automatyzacji?<\/p><\/li><li data-start=\"2270\" data-end=\"2292\"><p data-start=\"2272\" data-end=\"2292\">Reklamowa\u0107 si\u0119 z nami?<\/p><\/li><li data-start=\"2293\" data-end=\"2314\"><p data-start=\"2295\" data-end=\"2314\">Partner w zakresie tre\u015bci?<\/p><\/li><\/ul><p data-start=\"2316\" data-end=\"2346\">\ud83d\udce9 <strong data-start=\"2319\" data-end=\"2346\"><a class=\"cursor-pointer\" rel=\"noopener\" data-start=\"2321\" data-end=\"2344\">contact@aitrends.center<\/a><\/strong><\/p><p data-start=\"2348\" data-end=\"2402\">Wsp\u00f3lnie kszta\u0142tujmy przysz\u0142o\u015b\u0107 inteligentnej pracy.<\/p>\t\t\t\t\t\t\t\t<\/div>\n\t\t\t\t<\/div>\n\t\t\t\t\t<\/div>\n\t\t\t\t<\/div>\n\t\t\t\t<\/div>","protected":false},"excerpt":{"rendered":"<p>About Us AITrends Center is a digital platform dedicated to exploring the impact of artificial intelligence and automation on business, technology, and everyday life.We bring you curated insights, tools, and real-world use cases to help you stay ahead in the fast-evolving AI landscape. Who We Are AITrends Center is powered by Implementi \u2013 a company specializing in business automation and AI-powered solutions. Our mission is to make cutting-edge technology more accessible and actionable for organizations of all sizes. We&#8217;re a team of tech enthusiasts, entrepreneurs, and automation experts who believe that the future of work is smart, data-driven, and deeply [&hellip;]<\/p>\n","protected":false},"author":1,"featured_media":0,"parent":0,"menu_order":0,"comment_status":"closed","ping_status":"closed","template":"","meta":{"footnotes":""},"class_list":["post-4805","page","type-page","status-publish","hentry","post--single"],"_links":{"self":[{"href":"https:\/\/aitrendscenter.eu\/pl\/wp-json\/wp\/v2\/pages\/4805","targetHints":{"allow":["GET"]}}],"collection":[{"href":"https:\/\/aitrendscenter.eu\/pl\/wp-json\/wp\/v2\/pages"}],"about":[{"href":"https:\/\/aitrendscenter.eu\/pl\/wp-json\/wp\/v2\/types\/page"}],"author":[{"embeddable":true,"href":"https:\/\/aitrendscenter.eu\/pl\/wp-json\/wp\/v2\/users\/1"}],"replies":[{"embeddable":true,"href":"https:\/\/aitrendscenter.eu\/pl\/wp-json\/wp\/v2\/comments?post=4805"}],"version-history":[{"count":9,"href":"https:\/\/aitrendscenter.eu\/pl\/wp-json\/wp\/v2\/pages\/4805\/revisions"}],"predecessor-version":[{"id":4817,"href":"https:\/\/aitrendscenter.eu\/pl\/wp-json\/wp\/v2\/pages\/4805\/revisions\/4817"}],"wp:attachment":[{"href":"https:\/\/aitrendscenter.eu\/pl\/wp-json\/wp\/v2\/media?parent=4805"}],"curies":[{"name":"wp","href":"https:\/\/api.w.org\/{rel}","templated":true}]}}